{"id":4708,"date":"2020-08-28T20:06:14","date_gmt":"2020-08-28T18:06:14","guid":{"rendered":"http:\/\/rihani.forumforthefuture.be\/?page_id=4708"},"modified":"2022-10-24T19:56:09","modified_gmt":"2022-10-24T17:56:09","slug":"contact","status":"publish","type":"page","link":"https:\/\/riad-rihani.com\/en\/contact\/","title":{"rendered":"Contact"},"content":{"rendered":"<p>[vc_row gap=&#8221;35&#8243; row_content_width=&#8221;grid&#8221; css=&#8221;.vc_custom_1526638107972{padding-top: 81px !important;padding-bottom: 77px !important;}&#8221;][vc_column offset=&#8221;vc_col-lg-6 vc_col-md-12 vc_col-xs-12&#8243;]<div class=\"qodef-elements-holder   qodef-one-column  qodef-responsive-mode-768 \" ><div class=\"qodef-eh-item    \"  data-item-class=\"qodef-eh-custom-1610\">\n\t<div class=\"qodef-eh-item-inner\">\n\t\t<div class=\"qodef-eh-item-content qodef-eh-custom-1610\" >\n\t\t\t<div class=\"qodef-section-title-holder  qodef-st-standard qodef-st-title-left  qodef-st-normal-space  \" >\n\t<div class=\"qodef-st-inner\">\n        \t\t\t\t\t<h2 class=\"qodef-st-title\" >\n\t\t\t\tComment nous contacter?\t\t\t<\/h2>\n\t\t\t\t\t\t\t<p class=\"qodef-st-text\" >\n\t\t\t\tN'h\u00e9sitez pas \u00e0 nous envoyer un mail pour nous faire part de vos questions, id\u00e9es... Nous vous r\u00e9pondrons dans les plus brefs d\u00e9lais. Nous sommes joignables \u00e0 l'adresse suivante : info@riad-rihani.com\nVous pouvez aussi nous contacter :\npar t\u00e9l\u00e9phone : +212 5 24 38 37 66 (durant les heures de bureau) ou sur le t\u00e9l\u00e9phone portable +212 6 61 32 86 68\t\t\t<\/p>\n\t\t\t<\/div>\n<\/div>\t\t<\/div>\n\t<\/div>\n<\/div><\/div>[vc_empty_space height=&#8221;20px&#8221;][vc_row_inner][vc_column_inner]<div class=\"qodef-elements-holder   qodef-one-column  qodef-responsive-mode-768 \" ><div class=\"qodef-eh-item    \"  data-item-class=\"qodef-eh-custom-9047\" data-768-1024=\"0 22% 0 0\">\n\t<div class=\"qodef-eh-item-inner\">\n\t\t<div class=\"qodef-eh-item-content qodef-eh-custom-9047\" >\n\t\t\t[vc_column_text]<\/p>\n<h3>O\u00f9 trouver le Riad Le rihani?<\/h3>\n<p>[\/vc_column_text][vc_empty_space height=&#8221;12px&#8221;]<div class=\"qodef-iwt clearfix  qodef-iwt-icon-left qodef-iwt-icon-medium\">\n\t<div class=\"qodef-iwt-icon\">\n\t\t\t\t\t\t\t\t\t    <span class=\"qodef-icon-shortcode qodef-normal   qodef-icon-medium\"  >\n                    <span aria-hidden=\"true\" class=\"qodef-icon-font-elegant icon_pin qodef-icon-element\" style=\"font-size:15px\" ><\/span>            <\/span>\n\t\t\t\t\t\t<\/div>\n\t<div class=\"qodef-iwt-content\" style=\"padding-left: 12px\">\n\t\t\t\t\t\t\t<p class=\"qodef-iwt-text\" style=\"margin-top: 7px\">\n                                        40000 Marrakech M\u00e9dina                            <\/p>\n\t\t\t<\/div>\n<\/div><div class=\"qodef-iwt clearfix  qodef-iwt-icon-left qodef-iwt-icon-medium\">\n\t<div class=\"qodef-iwt-icon\">\n\t\t\t\t\t\t\t\t\t    <span class=\"qodef-icon-shortcode qodef-normal   qodef-icon-medium\"  >\n                    <i class=\"qodef-icon-font-awesome  qodef-icon-element\" style=\"font-size:15px\" ><\/i>            <\/span>\n\t\t\t\t\t\t<\/div>\n\t<div class=\"qodef-iwt-content\" style=\"padding-left: 12px\">\n\t\t\t\t\t\t\t<p class=\"qodef-iwt-text\" style=\"margin-top: 7px\">\n                                        52 Derb El Arsa - quartier Kenaria                            <\/p>\n\t\t\t<\/div>\n<\/div>[vc_empty_space height=&#8221;12px&#8221;]<div class=\"qodef-iwt clearfix  qodef-iwt-icon-left qodef-iwt-icon-medium\">\n\t<div class=\"qodef-iwt-icon\">\n\t\t\t\t\t<a itemprop=\"url\" href=\"mailto:%20info@riad-rihani.com\" target=\"_self\">\n\t\t\t\t\t\t\t\t\t    <span class=\"qodef-icon-shortcode qodef-normal   qodef-icon-medium\"  >\n                    <span aria-hidden=\"true\" class=\"qodef-icon-font-elegant icon_comment qodef-icon-element\" style=\"font-size:15px\" ><\/span>            <\/span>\n\t\t\t\t\t\t\t\t<\/a>\n\t\t\t<\/div>\n\t<div class=\"qodef-iwt-content\" style=\"padding-left: 12px\">\n\t\t\t\t\t\t\t<p class=\"qodef-iwt-text\" style=\"margin-top: 7px\">\n                                        info@riad-rihani.com                            <\/p>\n\t\t\t<\/div>\n<\/div>[vc_empty_space height=&#8221;6px&#8221;]<div class=\"qodef-iwt clearfix  qodef-iwt-icon-left qodef-iwt-icon-medium\">\n\t<div class=\"qodef-iwt-icon\">\n\t\t\t\t\t<a itemprop=\"url\" href=\"http:\/\/+212%205%2024%2038%2037%2066\" target=\"_self\">\n\t\t\t\t\t\t\t\t\t    <span class=\"qodef-icon-shortcode qodef-normal   qodef-icon-medium\"  >\n                    <span aria-hidden=\"true\" class=\"qodef-icon-font-elegant icon_phone qodef-icon-element\" style=\"font-size:15px\" ><\/span>            <\/span>\n\t\t\t\t\t\t\t\t<\/a>\n\t\t\t<\/div>\n\t<div class=\"qodef-iwt-content\" style=\"padding-left: 12px\">\n\t\t\t\t\t\t\t<p class=\"qodef-iwt-text\" style=\"margin-top: 7px\">\n                                        Bureau : +212 5 24 38 37 66                            <\/p>\n\t\t\t<\/div>\n<\/div>[vc_empty_space height=&#8221;6px&#8221;]<div class=\"qodef-iwt clearfix  qodef-iwt-icon-left qodef-iwt-icon-medium\">\n\t<div class=\"qodef-iwt-icon\">\n\t\t\t\t\t<a itemprop=\"url\" href=\"http:\/\/+212%206%2061%2032%2086%2068\" target=\"_self\">\n\t\t\t\t\t\t\t\t\t    <span class=\"qodef-icon-shortcode qodef-normal   qodef-icon-medium\"  >\n                    <span aria-hidden=\"true\" class=\"qodef-icon-font-elegant icon_phone qodef-icon-element\" style=\"font-size:15px\" ><\/span>            <\/span>\n\t\t\t\t\t\t\t\t<\/a>\n\t\t\t<\/div>\n\t<div class=\"qodef-iwt-content\" style=\"padding-left: 12px\">\n\t\t\t\t\t\t\t<p class=\"qodef-iwt-text\" style=\"margin-top: 7px\">\n                                        portable +212 6 61 32 86 68                            <\/p>\n\t\t\t<\/div>\n<\/div>\t\t<\/div>\n\t<\/div>\n<\/div><\/div>[\/vc_column_inner][\/vc_row_inner][\/vc_column][vc_column offset=&#8221;vc_col-lg-6 vc_col-md-12 vc_col-xs-12&#8243;]<div class=\"qodef-elements-holder   qodef-one-column  qodef-responsive-mode-768 \" ><div class=\"qodef-eh-item qodef-main-home-default-form   \"  data-item-class=\"qodef-eh-custom-9951\">\n\t<div class=\"qodef-eh-item-inner\">\n\t\t<div class=\"qodef-eh-item-content qodef-eh-custom-9951\" style=\"padding: 10px 2.7% 0 0\">\n\t\t\t\n<div class=\"wpcf7 no-js\" id=\"wpcf7-f5834-o1\" lang=\"en-US\" dir=\"ltr\" data-wpcf7-id=\"5834\">\n<div class=\"screen-reader-response\"><p role=\"status\" aria-live=\"polite\" aria-atomic=\"true\"><\/p> <ul><\/ul><\/div>\n<form action=\"\/en\/wp-json\/wp\/v2\/pages\/4708#wpcf7-f5834-o1\" method=\"post\" class=\"wpcf7-form init\" aria-label=\"Contact form\" novalidate=\"novalidate\" data-status=\"init\">\n<fieldset class=\"hidden-fields-container\"><input type=\"hidden\" name=\"_wpcf7\" value=\"5834\" \/><input type=\"hidden\" name=\"_wpcf7_version\" value=\"6.1.2\" \/><input type=\"hidden\" name=\"_wpcf7_locale\" value=\"en_US\" \/><input type=\"hidden\" name=\"_wpcf7_unit_tag\" value=\"wpcf7-f5834-o1\" \/><input type=\"hidden\" name=\"_wpcf7_container_post\" value=\"0\" \/><input type=\"hidden\" name=\"_wpcf7_posted_data_hash\" value=\"\" \/>\n<\/fieldset>\n<div class=\"qodef-main-home-default-form\">\n\t<p><span class=\"wpcf7-form-control-wrap\" data-name=\"your-email\"><input size=\"40\" maxlength=\"400\" class=\"wpcf7-form-control wpcf7-email wpcf7-text wpcf7-validates-as-email\" aria-invalid=\"false\" placeholder=\"Email*\" value=\"\" type=\"email\" name=\"your-email\" \/><\/span>\n\t<\/p>\n\t<p><span class=\"wpcf7-form-control-wrap\" data-name=\"your-name\"><input size=\"40\" maxlength=\"400\" class=\"wpcf7-form-control wpcf7-text\" aria-invalid=\"false\" placeholder=\"Subject\" value=\"\" type=\"text\" name=\"your-name\" \/><\/span>\n\t<\/p>\n\t<p><span class=\"wpcf7-form-control-wrap\" data-name=\"your-message\"><textarea cols=\"40\" rows=\"10\" maxlength=\"2000\" class=\"wpcf7-form-control wpcf7-textarea\" aria-invalid=\"false\" placeholder=\"Message\" name=\"your-message\"><\/textarea><\/span>\n\t<\/p>\n\t<div class=\"qodef-cf7-btn-wrapper qodef-fullwidth-btn\">\n\t\t<div class=\"qodef-cf7-btn-text-wrapper\">\n\t\t\t<p><input class=\"wpcf7-form-control wpcf7-submit has-spinner\" type=\"submit\" value=\"Submit\" \/>\n\t\t\t<\/p>\n\t\t<\/div>\n\t\t<div class=\"qodef-cf7-btn-bgrnd-wrapper\">\n\t\t\t<div class=\"qodef-cf7-btn-bgrnd-idle\">\n\t\t\t<\/div>\n\t\t\t<div class=\"qodef-cf7-btn-bgrnd-hover\">\n\t\t\t<\/div>\n\t\t<\/div>\n\t<\/div>\n<\/div><div class=\"wpcf7-response-output\" aria-hidden=\"true\"><\/div>\n<\/form>\n<\/div>\n\t\t<\/div>\n\t<\/div>\n<\/div><\/div>[\/vc_column][\/vc_row][vc_row][vc_column][vc_gmaps link=&#8221;#E-8_JTNDaWZyYW1lJTIwc3JjJTNEJTIyaHR0cHMlM0ElMkYlMkZ3d3cuZ29vZ2xlLmNvbSUyRm1hcHMlMkZlbWJlZCUzRnBiJTNEJTIxMW0xOCUyMTFtMTIlMjExbTMlMjExZDMzOTcuMzExOTY1MDc5OTY5NSUyMTJkLTcuOTg3NjczMDg0NTE4NTgxJTIxM2QzMS42MjUzMDc3NDkxMTY0MzQlMjEybTMlMjExZjAlMjEyZjAlMjEzZjAlMjEzbTIlMjExaTEwMjQlMjEyaTc2OCUyMTRmMTMuMSUyMTNtMyUyMTFtMiUyMTFzMHhkYWZlZTQxNmVmMTY5MmQlMjUzQTB4OWRiMjRmNmEyOWRlYzRiNyUyMTJzUmlhZCUyNTIwTGUlMjUyMFJpaGFuaSUyMTVlMCUyMTNtMiUyMTFzZW4lMjEyc21hJTIxNHYxNTk1NjEwNTAzMzQ2JTIxNW0yJTIxMXNlbiUyMTJzbWElMjIlMjB3aWR0aCUzRCUyMjYwMCUyMiUyMGhlaWdodCUzRCUyMjQ1MCUyMiUyMGZyYW1lYm9yZGVyJTNEJTIyMCUyMiUyMHN0eWxlJTNEJTIyYm9yZGVyJTNBMCUzQiUyMiUyMGFsbG93ZnVsbHNjcmVlbiUzRCUyMiUyMiUyMGFyaWEtaGlkZGVuJTNEJTIyZmFsc2UlMjIlMjB0YWJpbmRleCUzRCUyMjAlMjIlM0UlM0MlMkZpZnJhbWUlM0U=&#8221;][\/vc_column][\/vc_row]<\/p>\n","protected":false},"excerpt":{"rendered":"<p>[vc_row gap=&#8221;35&#8243; row_content_width=&#8221;grid&#8221; css=&#8221;.vc_custom_1526638107972{padding-top: 81px !important;padding-bottom: 77px !important;}&#8221;][vc_column offset=&#8221;vc_col-lg-6 vc_col-md-12 vc_col-xs-12&#8243;][vc_empty_space height=&#8221;20px&#8221;][vc_row_inner][vc_column_inner][\/vc_column_inner][\/vc_row_inner][\/vc_column][vc_column offset=&#8221;vc_col-lg-6 vc_col-md-12 vc_col-xs-12&#8243;][\/vc_column][\/vc_row][vc_row][vc_column][vc_gmaps link=&#8221;#E-8_JTNDaWZyYW1lJTIwc3JjJTNEJTIyaHR0cHMlM0ElMkYlMkZ3d3cuZ29vZ2xlLmNvbSUyRm1hcHMlMkZlbWJlZCUzRnBiJTNEJTIxMW0xOCUyMTFtMTIlMjExbTMlMjExZDMzOTcuMzExOTY1MDc5OTY5NSUyMTJkLTcuOTg3NjczMDg0NTE4NTgxJTIxM2QzMS42MjUzMDc3NDkxMTY0MzQlMjEybTMlMjExZjAlMjEyZjAlMjEzZjAlMjEzbTIlMjExaTEwMjQlMjEyaTc2OCUyMTRmMTMuMSUyMTNtMyUyMTFtMiUyMTFzMHhkYWZlZTQxNmVmMTY5MmQlMjUzQTB4OWRiMjRmNmEyOWRlYzRiNyUyMTJzUmlhZCUyNTIwTGUlMjUyMFJpaGFuaSUyMTVlMCUyMTNtMiUyMTFzZW4lMjEyc21hJTIxNHYxNTk1NjEwNTAzMzQ2JTIxNW0yJTIxMXNlbiUyMTJzbWElMjIlMjB3aWR0aCUzRCUyMjYwMCUyMiUyMGhlaWdodCUzRCUyMjQ1MCUyMiUyMGZyYW1lYm9yZGVyJTNEJTIyMCUyMiUyMHN0eWxlJTNEJTIyYm9yZGVyJTNBMCUzQiUyMiUyMGFsbG93ZnVsbHNjcmVlbiUzRCUyMiUyMiUyMGFyaWEtaGlkZGVuJTNEJTIyZmFsc2UlMjIlMjB0YWJpbmRleCUzRCUyMjAlMjIlM0UlM0MlMkZpZnJhbWUlM0U=&#8221;][\/vc_column][\/vc_row]<\/p>\n","protected":false},"author":1,"featured_media":0,"parent":0,"menu_order":0,"comment_status":"closed","ping_status":"closed","template":"full-width.php","meta":{"footnotes":""},"class_list":["post-4708","page","type-page","status-publish","hentry"],"_links":{"self":[{"href":"https:\/\/riad-rihani.com\/en\/wp-json\/wp\/v2\/pages\/4708","targetHints":{"allow":["GET"]}}],"collection":[{"href":"https:\/\/riad-rihani.com\/en\/wp-json\/wp\/v2\/pages"}],"about":[{"href":"https:\/\/riad-rihani.com\/en\/wp-json\/wp\/v2\/types\/page"}],"author":[{"embeddable":true,"href":"https:\/\/riad-rihani.com\/en\/wp-json\/wp\/v2\/users\/1"}],"replies":[{"embeddable":true,"href":"https:\/\/riad-rihani.com\/en\/wp-json\/wp\/v2\/comments?post=4708"}],"version-history":[{"count":4,"href":"https:\/\/riad-rihani.com\/en\/wp-json\/wp\/v2\/pages\/4708\/revisions"}],"predecessor-version":[{"id":6114,"href":"https:\/\/riad-rihani.com\/en\/wp-json\/wp\/v2\/pages\/4708\/revisions\/6114"}],"wp:attachment":[{"href":"https:\/\/riad-rihani.com\/en\/wp-json\/wp\/v2\/media?parent=4708"}],"curies":[{"name":"wp","href":"https:\/\/api.w.org\/{rel}","templated":true}]}}